{"id":7633,"date":"2017-02-08T09:58:32","date_gmt":"2017-02-08T09:58:32","guid":{"rendered":"https:\/\/hataylogistics.com\/contact\/"},"modified":"2023-08-25T21:56:48","modified_gmt":"2023-08-25T21:56:48","slug":"contact","status":"publish","type":"page","link":"https:\/\/hataylogistics.com\/en\/contact\/","title":{"rendered":"Contact"},"content":{"rendered":"\t\t<div data-elementor-type=\"wp-page\" data-elementor-id=\"7633\" class=\"elementor elementor-7633 elementor-1182\">\n\t\t\t\t\t\t\t\t\t<section class=\"elementor-section elementor-top-section elementor-element elementor-element-72cd2220 elementor-section-boxed elementor-section-height-default elementor-section-height-default\" data-id=\"72cd2220\" data-element_type=\"section\">\n\t\t\t\t\t\t<div class=\"elementor-container elementor-column-gap-default\">\n\t\t\t\t\t<div class=\"elementor-column elementor-col-100 elementor-top-column elementor-element elementor-element-359fd4f3\" data-id=\"359fd4f3\" data-element_type=\"column\">\n\t\t\t<div class=\"elementor-widget-wrap elementor-element-populated\">\n\t\t\t\t\t\t\t\t<div class=\"elementor-element elementor-element-39819058 elementor-widget elementor-widget-text-editor\" data-id=\"39819058\" data-element_type=\"widget\" data-widget_type=\"text-editor.default\">\n\t\t\t\t<div class=\"elementor-widget-container\">\n\t\t\t<style>\/*! elementor - v3.15.0 - 20-08-2023 *\/\n.elementor-widget-text-editor.elementor-drop-cap-view-stacked .elementor-drop-cap{background-color:#69727d;color:#fff}.elementor-widget-text-editor.elementor-drop-cap-view-framed .elementor-drop-cap{color:#69727d;border:3px solid;background-color:transparent}.elementor-widget-text-editor:not(.elementor-drop-cap-view-default) .elementor-drop-cap{margin-top:8px}.elementor-widget-text-editor:not(.elementor-drop-cap-view-default) .elementor-drop-cap-letter{width:1em;height:1em}.elementor-widget-text-editor .elementor-drop-cap{float:left;text-align:center;line-height:1;font-size:50px}.elementor-widget-text-editor .elementor-drop-cap-letter{display:inline-block}<\/style>\t\t\t\t<p>We would like to get in touch with you to better understand your needs and provide you with the most suitable solutions. Feel free to share any questions you have, thoughts you&#8217;d like to express, or collaboration opportunities you&#8217;d like to discuss with us. We are here to assist you in the best way possible.<\/p>\n\t\t\t\t\t\t<\/div>\n\t\t\t\t<\/div>\n\t\t\t\t\t<\/div>\n\t\t<\/div>\n\t\t\t\t\t\t\t<\/div>\n\t\t<\/section>\n\t\t\t\t<section class=\"elementor-section elementor-top-section elementor-element elementor-element-255ea348 elementor-section-boxed elementor-section-height-default elementor-section-height-default\" data-id=\"255ea348\" data-element_type=\"section\" data-settings=\"{&quot;background_background&quot;:&quot;classic&quot;}\">\n\t\t\t\t\t\t<div class=\"elementor-container elementor-column-gap-default\">\n\t\t\t\t\t<div class=\"elementor-column elementor-col-100 elementor-top-column elementor-element elementor-element-418f4ebc\" data-id=\"418f4ebc\" data-element_type=\"column\" data-settings=\"{&quot;background_background&quot;:&quot;classic&quot;}\">\n\t\t\t<div class=\"elementor-widget-wrap elementor-element-populated\">\n\t\t\t\t\t\t\t\t<div class=\"elementor-element elementor-element-7e9fb47f elementor-widget elementor-widget-vc_custom_heading\" data-id=\"7e9fb47f\" data-element_type=\"widget\" data-widget_type=\"vc_custom_heading.default\">\n\t\t\t\t<div class=\"elementor-widget-container\">\n\t\t\t<div class=\" vc_custom_heading border_base_color consulting_heading_font  text_align_left title_no_stripe\" ><h3 style=\"font-size: 20px;color: #222222;text-align: left;line-height: 45px;font-weight:700\" class=\"consulting-custom-title\">Center Office\n<\/h3><\/div>\t\t<\/div>\n\t\t\t\t<\/div>\n\t\t\t\t<div class=\"elementor-element elementor-element-35a0ee67 elementor-widget elementor-widget-stm_contacts_widget\" data-id=\"35a0ee67\" data-element_type=\"widget\" data-widget_type=\"stm_contacts_widget.default\">\n\t\t\t\t<div class=\"elementor-widget-container\">\n\t\t\t\n<div class=\"stm_contacts_widget consulting_elementor_contacts_widget style_4 \">\n    \n    \n    \n        <ul>\n                            <li>\n                    <div class=\"icon\"><i class=\"fa fa-map-marker\"><\/i><\/div>\n                    <div class=\"text\">Bah\u00e7e\u015fehir 2. K\u0131s\u0131m Mah.Nezih Barut cad. Spradon Residence No:9 Ba\u015fak\u015fehir\/istanbul<\/div>\n                <\/li>\n                                        <li>\n                    <div class=\"icon\"><i class=\"fa fa-phone\"><\/i><\/div>\n                    <div class=\"text\">\n                        0850 304 2829                                            <\/div>\n                <\/li>\n                                                    <li>\n                    <div class=\"icon\"><i class=\"fa fa-envelope\"><\/i><\/div>\n                    <div class=\"text\"><a href=\"mailto:i&#110;fo&#64;h&#97;&#116;ay&#108;&#111;gi&#115;&#116;ic&#46;c&#111;&#109;\">i&#110;fo&#64;ha&#116;a&#121;lo&#103;isti&#99;.c&#111;&#109;<\/a><\/div>\n                <\/li>\n                                <\/ul>\n        \n    \n<\/div>\t\t<\/div>\n\t\t\t\t<\/div>\n\t\t\t\t\t<\/div>\n\t\t<\/div>\n\t\t\t\t<div class=\"elementor-column elementor-col-100 elementor-top-column elementor-element elementor-element-78d35a4c\" data-id=\"78d35a4c\" data-element_type=\"column\" data-settings=\"{&quot;background_background&quot;:&quot;classic&quot;}\">\n\t\t\t<div class=\"elementor-widget-wrap elementor-element-populated\">\n\t\t\t\t\t\t\t\t<div class=\"elementor-element elementor-element-74d75527 elementor-widget elementor-widget-vc_custom_heading\" data-id=\"74d75527\" data-element_type=\"widget\" data-widget_type=\"vc_custom_heading.default\">\n\t\t\t\t<div class=\"elementor-widget-container\">\n\t\t\t<div class=\" vc_custom_heading border_base_color consulting_heading_font  text_align_left title_no_stripe\" ><h3 style=\"font-size: 20px;color: #222222;text-align: left;line-height: 45px;font-weight:700\" class=\"consulting-custom-title\">Contact 2\n<\/h3><\/div>\t\t<\/div>\n\t\t\t\t<\/div>\n\t\t\t\t<div class=\"elementor-element elementor-element-72560457 elementor-widget elementor-widget-stm_contact\" data-id=\"72560457\" data-element_type=\"widget\" data-widget_type=\"stm_contact.default\">\n\t\t\t\t<div class=\"elementor-widget-container\">\n\t\t\t    <div class=\"stm_contact_two consulting_elementor_contact_ clearfix\">\n                    <div class=\"stm_contact_image\">\n                <img src='https:\/\/hataylogistics.com\/wp-content\/uploads\/2023\/08\/content-6-1.jpg' alt='' \/>            <\/div>\n                <div class=\"stm_contact_info\">\n            <h5 class=\"no_stripe\">\u0130layda Kumru<\/h5>\n                                                    <div class=\"stm_contact_row\"><i class=\"fa fa-envelope\"><\/i> <a\n                        href=\"mailto:il&#97;&#121;&#100;a&#64;h&#97;&#116;aylog&#105;s&#116;ic.c&#111;&#109;\">i&#108;a&#121;&#100;&#97;&#64;&#104;&#97;&#116;a&#121;lo&#103;is&#116;ic&#46;&#99;om<\/a>\n                <\/div>\n                                <\/div>\n    <\/div>\n\t\t<\/div>\n\t\t\t\t<\/div>\n\t\t\t\t\t<\/div>\n\t\t<\/div>\n\t\t\t\t<div class=\"elementor-column elementor-col-100 elementor-top-column elementor-element elementor-element-5c8771fe\" data-id=\"5c8771fe\" data-element_type=\"column\" data-settings=\"{&quot;background_background&quot;:&quot;classic&quot;}\">\n\t\t\t<div class=\"elementor-widget-wrap elementor-element-populated\">\n\t\t\t\t\t\t\t\t<div class=\"elementor-element elementor-element-7d322531 elementor-widget elementor-widget-vc_custom_heading\" data-id=\"7d322531\" data-element_type=\"widget\" data-widget_type=\"vc_custom_heading.default\">\n\t\t\t\t<div class=\"elementor-widget-container\">\n\t\t\t<div class=\" vc_custom_heading border_base_color consulting_heading_font  text_align_left title_no_stripe\" ><h3 style=\"font-size: 20px;color: #222222;text-align: left;line-height: 45px;font-weight:700\" class=\"consulting-custom-title\">Contact 3\n<\/h3><\/div>\t\t<\/div>\n\t\t\t\t<\/div>\n\t\t\t\t<div class=\"elementor-element elementor-element-2fee726a elementor-widget elementor-widget-stm_contact\" data-id=\"2fee726a\" data-element_type=\"widget\" data-widget_type=\"stm_contact.default\">\n\t\t\t\t<div class=\"elementor-widget-container\">\n\t\t\t    <div class=\"stm_contact_two consulting_elementor_contact_ clearfix\">\n                    <div class=\"stm_contact_image\">\n                <img src='https:\/\/hataylogistics.com\/wp-content\/uploads\/2023\/08\/content-6-1.jpg' alt='' \/>            <\/div>\n                <div class=\"stm_contact_info\">\n            <h5 class=\"no_stripe\">Ali Tu\u011fhan Kumru<\/h5>\n                                                    <div class=\"stm_contact_row\"><i class=\"fa fa-envelope\"><\/i> <a\n                        href=\"mailto:al&#105;&#64;h&#97;taylog&#105;&#115;tic&#46;&#99;om\">&#97;l&#105;&#64;&#104;&#97;&#116;&#97;&#121;l&#111;&#103;&#105;stic.&#99;om<\/a>\n                <\/div>\n                                <\/div>\n    <\/div>\n\t\t<\/div>\n\t\t\t\t<\/div>\n\t\t\t\t\t<\/div>\n\t\t<\/div>\n\t\t\t\t\t\t\t<\/div>\n\t\t<\/section>\n\t\t\t\t<section class=\"elementor-section elementor-top-section elementor-element elementor-element-564890db elementor-section-boxed elementor-section-height-default elementor-section-height-default\" data-id=\"564890db\" data-element_type=\"section\" data-settings=\"{&quot;background_background&quot;:&quot;classic&quot;}\">\n\t\t\t\t\t\t<div class=\"elementor-container elementor-column-gap-default\">\n\t\t\t\t\t<div class=\"elementor-column elementor-col-100 elementor-top-column elementor-element elementor-element-27051f0a\" data-id=\"27051f0a\" data-element_type=\"column\">\n\t\t\t<div class=\"elementor-widget-wrap elementor-element-populated\">\n\t\t\t\t\t\t\t\t<div class=\"elementor-element elementor-element-33a5822e elementor-widget elementor-widget-google_maps\" data-id=\"33a5822e\" data-element_type=\"widget\" data-widget_type=\"google_maps.default\">\n\t\t\t\t<div class=\"elementor-widget-container\">\n\t\t\t<style>\/*! elementor - v3.15.0 - 20-08-2023 *\/\n.elementor-widget-google_maps .elementor-widget-container{overflow:hidden}.elementor-widget-google_maps .elementor-custom-embed{line-height:0}.elementor-widget-google_maps iframe{height:300px}<\/style>\t\t<div class=\"elementor-custom-embed\">\n\t\t\t<iframe loading=\"lazy\"\n\t\t\t\t\tsrc=\"https:\/\/maps.google.com\/maps?q=Anadolu%2C%20Kanuni%20Cd.%20No%3A4%2C%2034956%20Tuzla%2F%C4%B0stanbul&#038;t=m&#038;z=10&#038;output=embed&#038;iwloc=near\"\n\t\t\t\t\ttitle=\"Anadolu, Kanuni Cd. No:4, 34956 Tuzla\/\u0130stanbul\"\n\t\t\t\t\taria-label=\"Anadolu, Kanuni Cd. No:4, 34956 Tuzla\/\u0130stanbul\"\n\t\t\t><\/iframe>\n\t\t<\/div>\n\t\t\t\t<\/div>\n\t\t\t\t<\/div>\n\t\t\t\t\t<\/div>\n\t\t<\/div>\n\t\t\t\t\t\t\t<\/div>\n\t\t<\/section>\n\t\t\t\t<section class=\"elementor-section elementor-top-section elementor-element elementor-element-7f7106d5 elementor-section-boxed elementor-section-height-default elementor-section-height-default\" data-id=\"7f7106d5\" data-element_type=\"section\" data-settings=\"{&quot;background_background&quot;:&quot;classic&quot;}\">\n\t\t\t\t\t\t<div class=\"elementor-container elementor-column-gap-default\">\n\t\t\t\t\t<div class=\"elementor-column elementor-col-100 elementor-top-column elementor-element elementor-element-325ff57f\" data-id=\"325ff57f\" data-element_type=\"column\">\n\t\t\t<div class=\"elementor-widget-wrap elementor-element-populated\">\n\t\t\t\t\t\t\t\t<div class=\"elementor-element elementor-element-14840847 elementor-widget elementor-widget-vc_custom_heading\" data-id=\"14840847\" data-element_type=\"widget\" data-widget_type=\"vc_custom_heading.default\">\n\t\t\t\t<div class=\"elementor-widget-container\">\n\t\t\t<div class=\" vc_custom_heading  consulting_heading_font  text_align_left\" ><h4 style=\"text-align: left;font-weight:700\" class=\"consulting-custom-title\">Contact Form\n<\/h4><\/div>\t\t<\/div>\n\t\t\t\t<\/div>\n\t\t\t\t<div class=\"elementor-element elementor-element-32845d33 elementor-widget elementor-widget-stm_contact_form_7\" data-id=\"32845d33\" data-element_type=\"widget\" data-widget_type=\"stm_contact_form_7.default\">\n\t\t\t\t<div class=\"elementor-widget-container\">\n\t\t\t\n<div class=\"wpcf7 no-js\" id=\"wpcf7-f7672-o1\" lang=\"en-US\" dir=\"ltr\">\n<div class=\"screen-reader-response\"><p role=\"status\" aria-live=\"polite\" aria-atomic=\"true\"><\/p> <ul><\/ul><\/div>\n<form action=\"\/en\/wp-json\/wp\/v2\/pages\/7633#wpcf7-f7672-o1\" method=\"post\" class=\"wpcf7-form init\" aria-label=\"Contact form\" novalidate=\"novalidate\" data-status=\"init\">\n<div style=\"display: none;\">\n<input type=\"hidden\" name=\"_wpcf7\" value=\"7672\" \/>\n<input type=\"hidden\" name=\"_wpcf7_version\" value=\"5.8\" \/>\n<input type=\"hidden\" name=\"_wpcf7_locale\" value=\"en_US\" \/>\n<input type=\"hidden\" name=\"_wpcf7_unit_tag\" value=\"wpcf7-f7672-o1\" \/>\n<input type=\"hidden\" name=\"_wpcf7_container_post\" value=\"0\" \/>\n<input type=\"hidden\" name=\"_wpcf7_posted_data_hash\" value=\"\" \/>\n<\/div>\n<div class=\"request_callback\">\n    <div class=\"row\">\n        <div class=\"col-lg-6 col-md-6 col-sm-6 col-xs-12\">\n            <div class=\"input-group\">\n                <span class=\"wpcf7-form-control-wrap\" data-name=\"text-name\"><input size=\"40\" class=\"wpcf7-form-control wpcf7-text wpcf7-validates-as-required\" aria-required=\"true\" aria-invalid=\"false\" placeholder=\"Name *\" value=\"\" type=\"text\" name=\"text-name\" \/><\/span>\n            <\/div>\n            <div class=\"input-group\">\n                <span class=\"wpcf7-form-control-wrap\" data-name=\"email\"><input size=\"40\" class=\"wpcf7-form-control wpcf7-email wpcf7-validates-as-required wpcf7-text wpcf7-validates-as-email\" aria-required=\"true\" aria-invalid=\"false\" placeholder=\"E-mail *\" value=\"\" type=\"email\" name=\"email\" \/><\/span>\n            <\/div>\n            <div class=\"input-group\">\n                <span class=\"wpcf7-form-control-wrap\" data-name=\"phone\"><input size=\"40\" class=\"wpcf7-form-control wpcf7-tel wpcf7-validates-as-required wpcf7-text wpcf7-validates-as-tel\" aria-required=\"true\" aria-invalid=\"false\" placeholder=\"Phone*\" value=\"\" type=\"tel\" name=\"phone\" \/><\/span>\n            <\/div>\n        <\/div>\n        <div class=\"col-lg-6 col-md-6 col-sm-6 col-xs-12\">\n            <div class=\"input-group\">\n                <span class=\"wpcf7-form-control-wrap\" data-name=\"message\"><textarea cols=\"40\" rows=\"10\" class=\"wpcf7-form-control wpcf7-textarea wpcf7-validates-as-required\" aria-required=\"true\" aria-invalid=\"false\" placeholder=\"Your Message *\" name=\"message\"><\/textarea><\/span>\n            <\/div>\n            <div class=\"input-group\">\n                <button type=\"submit\" class=\"button size-lg icon_right\">Submit <i class=\"fa fa-chevron-right\"><\/i><\/button>\n            <\/div>\n        <\/div>\n    <\/div>\n<\/div><div class=\"wpcf7-response-output\" aria-hidden=\"true\"><\/div>\n<\/form>\n<\/div>\n\t\t\t\t<\/div>\n\t\t\t\t<\/div>\n\t\t\t\t\t<\/div>\n\t\t<\/div>\n\t\t\t\t\t\t\t<\/div>\n\t\t<\/section>\n\t\t\t\t\t\t\t<\/div>\n\t\t","protected":false},"excerpt":{"rendered":"<p>We would like to get in touch with you to better understand your needs and provide you with the most suitable solutions. Feel free to share any questions you have, thoughts you&#8217;d like to express, or collaboration opportunities you&#8217;d like to discuss with us. We are here to assist you in the best way possible.<\/p>\n","protected":false},"author":1,"featured_media":0,"parent":0,"menu_order":0,"comment_status":"closed","ping_status":"closed","template":"","meta":{"_joinchat":[],"footnotes":""},"class_list":["post-7633","page","type-page","status-publish","hentry"],"aioseo_notices":[],"_links":{"self":[{"href":"https:\/\/hataylogistics.com\/en\/wp-json\/wp\/v2\/pages\/7633","targetHints":{"allow":["GET"]}}],"collection":[{"href":"https:\/\/hataylogistics.com\/en\/wp-json\/wp\/v2\/pages"}],"about":[{"href":"https:\/\/hataylogistics.com\/en\/wp-json\/wp\/v2\/types\/page"}],"author":[{"embeddable":true,"href":"https:\/\/hataylogistics.com\/en\/wp-json\/wp\/v2\/users\/1"}],"replies":[{"embeddable":true,"href":"https:\/\/hataylogistics.com\/en\/wp-json\/wp\/v2\/comments?post=7633"}],"version-history":[{"count":13,"href":"https:\/\/hataylogistics.com\/en\/wp-json\/wp\/v2\/pages\/7633\/revisions"}],"predecessor-version":[{"id":7740,"href":"https:\/\/hataylogistics.com\/en\/wp-json\/wp\/v2\/pages\/7633\/revisions\/7740"}],"wp:attachment":[{"href":"https:\/\/hataylogistics.com\/en\/wp-json\/wp\/v2\/media?parent=7633"}],"curies":[{"name":"wp","href":"https:\/\/api.w.org\/{rel}","templated":true}]}}