{"id":7635,"date":"2017-02-07T14:30:12","date_gmt":"2017-02-07T14:30:12","guid":{"rendered":"https:\/\/hataylogistics.com\/services\/"},"modified":"2023-08-25T21:55:29","modified_gmt":"2023-08-25T21:55:29","slug":"services","status":"publish","type":"page","link":"https:\/\/hataylogistics.com\/en\/services\/","title":{"rendered":"Our services"},"content":{"rendered":"\t\t<div data-elementor-type=\"wp-page\" data-elementor-id=\"7635\" class=\"elementor elementor-7635 elementor-1130\">\n\t\t\t\t\t\t\t\t\t<section class=\"elementor-section elementor-top-section elementor-element elementor-element-3e35b3e elementor-section-boxed elementor-section-height-default elementor-section-height-default\" data-id=\"3e35b3e\" data-element_type=\"section\" data-settings=\"{&quot;background_background&quot;:&quot;classic&quot;}\">\n\t\t\t\t\t\t<div class=\"elementor-container elementor-column-gap-default\">\n\t\t\t\t\t<div class=\"elementor-column elementor-col-100 elementor-top-column elementor-element elementor-element-3e35f81\" data-id=\"3e35f81\" data-element_type=\"column\">\n\t\t\t<div class=\"elementor-widget-wrap elementor-element-populated\">\n\t\t\t\t\t\t\t\t<div class=\"elementor-element elementor-element-3e362c3 elementor-widget elementor-widget-stm_portfolio\" data-id=\"3e362c3\" data-element_type=\"widget\" data-widget_type=\"stm_portfolio.default\">\n\t\t\t\t<div class=\"elementor-widget-container\">\n\t\t\t\t\t\t<div class=\"consulting_portfolio_box\">\n\t\t\t\t\t\t\t\t<div class=\"consulting_portfolio_grid consulting_elementor_portfolio style_3 hover_zoom column-3\">\n\t\t\t\t\t<div class=\"portfolio_item all our-services\">\n\n\t<a href=\"https:\/\/hataylogistics.com\/en\/portfolio\/rail-transportation\/\" class=\"portfolio_link\">\n\t\t<span class=\"portfolio_item_thumbnail\">\n\t\t\t<img src='https:\/\/hataylogistics.com\/wp-content\/uploads\/2023\/08\/hatay-lojistik-demiryolu-tasimaciligi-1024x576.jpg' alt='Hatay Lojistik Demiryolu Ta\u015f\u0131mac\u0131l\u0131\u011f\u0131' \/>\t\t<\/span>\n\n\t\t<span class=\"portfolio_info\">\n\t\t\tRail Transportation\t\t\t\t<span class=\"portfolio_category\">Our Services<\/span>\n\t\t\t\t\t<\/span>\n\t<\/a>\n<\/div>\n<div class=\"portfolio_item all our-services\">\n\n\t<a href=\"https:\/\/hataylogistics.com\/en\/portfolio\/air-transportation\/\" class=\"portfolio_link\">\n\t\t<span class=\"portfolio_item_thumbnail\">\n\t\t\t<img src='https:\/\/hataylogistics.com\/wp-content\/uploads\/2023\/08\/havayolu-tasimaciligi-1024x682.jpg' alt='' \/>\t\t<\/span>\n\n\t\t<span class=\"portfolio_info\">\n\t\t\tAir Transportation\t\t\t\t<span class=\"portfolio_category\">Our Services<\/span>\n\t\t\t\t\t<\/span>\n\t<\/a>\n<\/div>\n<div class=\"portfolio_item all our-services\">\n\n\t<a href=\"https:\/\/hataylogistics.com\/en\/portfolio\/road-transportation\/\" class=\"portfolio_link\">\n\t\t<span class=\"portfolio_item_thumbnail\">\n\t\t\t<img src='https:\/\/hataylogistics.com\/wp-content\/uploads\/2023\/08\/kara-tasimaciligi-1024x576.webp' alt='' \/>\t\t<\/span>\n\n\t\t<span class=\"portfolio_info\">\n\t\t\tRoad Transportation\t\t\t\t<span class=\"portfolio_category\">Our Services<\/span>\n\t\t\t\t\t<\/span>\n\t<\/a>\n<\/div>\n<div class=\"portfolio_item all our-services\">\n\n\t<a href=\"https:\/\/hataylogistics.com\/en\/portfolio\/maritime-services\/\" class=\"portfolio_link\">\n\t\t<span class=\"portfolio_item_thumbnail\">\n\t\t\t<img src='https:\/\/hataylogistics.com\/wp-content\/uploads\/2023\/08\/uluslararasi-denizcilik-1024x640.jpg' alt='' \/>\t\t<\/span>\n\n\t\t<span class=\"portfolio_info\">\n\t\t\tMaritime Services\t\t\t\t<span class=\"portfolio_category\">Our Services<\/span>\n\t\t\t\t\t<\/span>\n\t<\/a>\n<\/div>\n\t\t\t\t<\/div>\n\t\t\t\t\t\t\t<\/div>\n\t\t\t\t\t<\/div>\n\t\t\t\t<\/div>\n\t\t\t\t\t<\/div>\n\t\t<\/div>\n\t\t\t\t\t\t\t<\/div>\n\t\t<\/section>\n\t\t\t\t<section class=\"elementor-section elementor-top-section elementor-element elementor-element-3e3637b third_bg_color elementor-section-boxed elementor-section-height-default elementor-section-height-default\" data-id=\"3e3637b\" data-element_type=\"section\" data-settings=\"{&quot;background_background&quot;:&quot;classic&quot;}\">\n\t\t\t\t\t\t<div class=\"elementor-container elementor-column-gap-default\">\n\t\t\t\t\t<div class=\"elementor-column elementor-col-100 elementor-top-column elementor-element elementor-element-3e3675c\" data-id=\"3e3675c\" data-element_type=\"column\">\n\t\t\t<div class=\"elementor-widget-wrap elementor-element-populated\">\n\t\t\t\t\t\t\t\t<div class=\"elementor-element elementor-element-3e36ac2 elementor-widget elementor-widget-vc_cta\" data-id=\"3e36ac2\" data-element_type=\"widget\" data-widget_type=\"vc_cta.default\">\n\t\t\t\t<div class=\"elementor-widget-container\">\n\t\t\t\n<div class=\"ce_cta ce_cta_da1b55f80ada8cf462b60feefa6df534 ce_text_left third_bg_color add_button_right btn_align_right btn_button_block_true btn_has_icon btn_has_icon_on_the_right\" id=\"\">\n\t<div class=\"ce_cta__content\">\n\t\t<div class=\"ce_cta__content__header\">\n\t\t\t<h2  class='ce_cta__content__title '>Do you want more information about our services?<\/h2>\t\t<\/div>\n\t\t\t<\/div>\n\n\t\t<div class=\"ce_cta__action\">\n\t\t<a\n\t\t\thref=\"https:\/\/hataylogistics.com\/iletisim\"\n\t\t\t\t\t\ttarget=\"_self\"\n\t\t\tclass=\"button\n\t\t\t\t\t\">\n\t\t\t<span>Contact Us<\/span>\n\t\t\t\t\t\t<i class=\"fa fa-chevron-right\"><\/i>\n\t\t\t\t\t<\/a>\n\t<\/div>\n\t<\/div>\n\t\t<\/div>\n\t\t\t\t<\/div>\n\t\t\t\t\t<\/div>\n\t\t<\/div>\n\t\t\t\t\t\t\t<\/div>\n\t\t<\/section>\n\t\t\t\t\t\t\t<\/div>\n\t\t","protected":false},"excerpt":{"rendered":"<p>Demiryolu Ta\u015f\u0131mac\u0131l\u0131\u011f\u0131 Hizmetlerimiz Havayolu Ta\u015f\u0131mac\u0131l\u0131\u011f\u0131 Hizmetlerimiz Kara Ta\u015f\u0131mac\u0131l\u0131\u011f\u0131 Hizmetlerimiz Denizcilik Hizmetleri Hizmetlerimiz Do you want more information about our services? Contact Us<\/p>\n","protected":false},"author":1,"featured_media":0,"parent":0,"menu_order":0,"comment_status":"closed","ping_status":"closed","template":"","meta":{"_joinchat":[],"footnotes":""},"class_list":["post-7635","page","type-page","status-publish","hentry"],"aioseo_notices":[],"_links":{"self":[{"href":"https:\/\/hataylogistics.com\/en\/wp-json\/wp\/v2\/pages\/7635","targetHints":{"allow":["GET"]}}],"collection":[{"href":"https:\/\/hataylogistics.com\/en\/wp-json\/wp\/v2\/pages"}],"about":[{"href":"https:\/\/hataylogistics.com\/en\/wp-json\/wp\/v2\/types\/page"}],"author":[{"embeddable":true,"href":"https:\/\/hataylogistics.com\/en\/wp-json\/wp\/v2\/users\/1"}],"replies":[{"embeddable":true,"href":"https:\/\/hataylogistics.com\/en\/wp-json\/wp\/v2\/comments?post=7635"}],"version-history":[{"count":7,"href":"https:\/\/hataylogistics.com\/en\/wp-json\/wp\/v2\/pages\/7635\/revisions"}],"predecessor-version":[{"id":7734,"href":"https:\/\/hataylogistics.com\/en\/wp-json\/wp\/v2\/pages\/7635\/revisions\/7734"}],"wp:attachment":[{"href":"https:\/\/hataylogistics.com\/en\/wp-json\/wp\/v2\/media?parent=7635"}],"curies":[{"name":"wp","href":"https:\/\/api.w.org\/{rel}","templated":true}]}}